{"id":2818,"date":"2025-12-19T14:03:05","date_gmt":"2025-12-19T14:03:05","guid":{"rendered":"https:\/\/charliz.fr\/?page_id=2818"},"modified":"2026-02-26T11:04:04","modified_gmt":"2026-02-26T11:04:04","slug":"contact","status":"publish","type":"page","link":"https:\/\/charliz.fr\/en\/contact\/","title":{"rendered":"contact"},"content":{"rendered":"","protected":false},"excerpt":{"rendered":"","protected":false},"author":2,"featured_media":0,"parent":0,"menu_order":0,"comment_status":"closed","ping_status":"closed","template":"","meta":{"_acf_changed":false,"footnotes":""},"class_list":["post-2818","page","type-page","status-publish","hentry"],"acf":[],"yoast_head":"<!-- This site is optimized with the Yoast SEO plugin v26.6 - https:\/\/yoast.com\/wordpress\/plugins\/seo\/ -->\n<title>contact - Charliz<\/title>\n<meta name=\"description\" content=\"S\u00e9jours casher haut de gamme par Charliz : Pessah et vacances \u00e0 Marrakech, Agadir, Marbella et Isra\u00ebl, alliant gastronomie, \u00e9l\u00e9gance fran\u00e7aise et cacherout rigoureuse.\" \/>\n<meta name=\"robots\" content=\"index, follow, max-snippet:-1, max-image-preview:large, max-video-preview:-1\" \/>\n<link rel=\"canonical\" href=\"http:\/\/charliz.fr\/en\/contact\/\" \/>\n<meta property=\"og:locale\" content=\"en_GB\" \/>\n<meta property=\"og:type\" content=\"article\" \/>\n<meta property=\"og:title\" content=\"contact - Charliz\" \/>\n<meta property=\"og:description\" content=\"S\u00e9jours casher haut de gamme par Charliz : Pessah et vacances \u00e0 Marrakech, Agadir, Marbella et Isra\u00ebl, alliant gastronomie, \u00e9l\u00e9gance fran\u00e7aise et cacherout rigoureuse.\" \/>\n<meta property=\"og:url\" content=\"http:\/\/charliz.fr\/en\/contact\/\" \/>\n<meta property=\"og:site_name\" content=\"Charliz\" \/>\n<meta property=\"article:modified_time\" content=\"2026-02-26T11:04:04+00:00\" \/>\n<meta name=\"twitter:card\" content=\"summary_large_image\" \/>\n<meta name=\"twitter:label1\" content=\"Estimated reading time\" \/>\n\t<meta name=\"twitter:data1\" content=\"3 minutes\" \/>\n<script type=\"application\/ld+json\" class=\"yoast-schema-graph\">{\"@context\":\"https:\/\/schema.org\",\"@graph\":[{\"@type\":\"WebPage\",\"@id\":\"http:\/\/charliz.fr\/contact\/\",\"url\":\"http:\/\/charliz.fr\/contact\/\",\"name\":\"contact - Charliz\",\"isPartOf\":{\"@id\":\"http:\/\/charliz.fr\/#website\"},\"datePublished\":\"2025-12-19T14:03:05+00:00\",\"dateModified\":\"2026-02-26T11:04:04+00:00\",\"description\":\"S\u00e9jours casher haut de gamme par Charliz : Pessah et vacances \u00e0 Marrakech, Agadir, Marbella et Isra\u00ebl, alliant gastronomie, \u00e9l\u00e9gance fran\u00e7aise et cacherout rigoureuse.\",\"breadcrumb\":{\"@id\":\"http:\/\/charliz.fr\/contact\/#breadcrumb\"},\"inLanguage\":\"en-GB\",\"potentialAction\":[{\"@type\":\"ReadAction\",\"target\":[\"http:\/\/charliz.fr\/contact\/\"]}]},{\"@type\":\"BreadcrumbList\",\"@id\":\"http:\/\/charliz.fr\/contact\/#breadcrumb\",\"itemListElement\":[{\"@type\":\"ListItem\",\"position\":1,\"name\":\"Accueil\",\"item\":\"http:\/\/charliz.fr\/\"},{\"@type\":\"ListItem\",\"position\":2,\"name\":\"contact\"}]},{\"@type\":\"WebSite\",\"@id\":\"http:\/\/charliz.fr\/#website\",\"url\":\"http:\/\/charliz.fr\/\",\"name\":\"Charliz\",\"description\":\"\",\"publisher\":{\"@id\":\"http:\/\/charliz.fr\/#organization\"},\"potentialAction\":[{\"@type\":\"SearchAction\",\"target\":{\"@type\":\"EntryPoint\",\"urlTemplate\":\"http:\/\/charliz.fr\/?s={search_term_string}\"},\"query-input\":{\"@type\":\"PropertyValueSpecification\",\"valueRequired\":true,\"valueName\":\"search_term_string\"}}],\"inLanguage\":\"en-GB\"},{\"@type\":\"Organization\",\"@id\":\"http:\/\/charliz.fr\/#organization\",\"name\":\"Charliz\",\"url\":\"http:\/\/charliz.fr\/\",\"logo\":{\"@type\":\"ImageObject\",\"inLanguage\":\"en-GB\",\"@id\":\"http:\/\/charliz.fr\/#\/schema\/logo\/image\/\",\"url\":\"https:\/\/charliz.fr\/wp-content\/uploads\/2023\/04\/logo-3.png\",\"contentUrl\":\"https:\/\/charliz.fr\/wp-content\/uploads\/2023\/04\/logo-3.png\",\"width\":457,\"height\":91,\"caption\":\"Charliz\"},\"image\":{\"@id\":\"http:\/\/charliz.fr\/#\/schema\/logo\/image\/\"}}]}<\/script>\n<!-- \/ Yoast SEO plugin. -->","yoast_head_json":{"title":"contact - Charliz","description":"S\u00e9jours casher haut de gamme par Charliz : Pessah et vacances \u00e0 Marrakech, Agadir, Marbella et Isra\u00ebl, alliant gastronomie, \u00e9l\u00e9gance fran\u00e7aise et cacherout rigoureuse.","robots":{"index":"index","follow":"follow","max-snippet":"max-snippet:-1","max-image-preview":"max-image-preview:large","max-video-preview":"max-video-preview:-1"},"canonical":"http:\/\/charliz.fr\/en\/contact\/","og_locale":"en_GB","og_type":"article","og_title":"contact - Charliz","og_description":"S\u00e9jours casher haut de gamme par Charliz : Pessah et vacances \u00e0 Marrakech, Agadir, Marbella et Isra\u00ebl, alliant gastronomie, \u00e9l\u00e9gance fran\u00e7aise et cacherout rigoureuse.","og_url":"http:\/\/charliz.fr\/en\/contact\/","og_site_name":"Charliz","article_modified_time":"2026-02-26T11:04:04+00:00","twitter_card":"summary_large_image","twitter_misc":{"Estimated reading time":"3 minutes"},"schema":{"@context":"https:\/\/schema.org","@graph":[{"@type":"WebPage","@id":"http:\/\/charliz.fr\/contact\/","url":"http:\/\/charliz.fr\/contact\/","name":"contact - Charliz","isPartOf":{"@id":"http:\/\/charliz.fr\/#website"},"datePublished":"2025-12-19T14:03:05+00:00","dateModified":"2026-02-26T11:04:04+00:00","description":"S\u00e9jours casher haut de gamme par Charliz : Pessah et vacances \u00e0 Marrakech, Agadir, Marbella et Isra\u00ebl, alliant gastronomie, \u00e9l\u00e9gance fran\u00e7aise et cacherout rigoureuse.","breadcrumb":{"@id":"http:\/\/charliz.fr\/contact\/#breadcrumb"},"inLanguage":"en-GB","potentialAction":[{"@type":"ReadAction","target":["http:\/\/charliz.fr\/contact\/"]}]},{"@type":"BreadcrumbList","@id":"http:\/\/charliz.fr\/contact\/#breadcrumb","itemListElement":[{"@type":"ListItem","position":1,"name":"Accueil","item":"http:\/\/charliz.fr\/"},{"@type":"ListItem","position":2,"name":"contact"}]},{"@type":"WebSite","@id":"http:\/\/charliz.fr\/#website","url":"http:\/\/charliz.fr\/","name":"Charliz","description":"","publisher":{"@id":"http:\/\/charliz.fr\/#organization"},"potentialAction":[{"@type":"SearchAction","target":{"@type":"EntryPoint","urlTemplate":"http:\/\/charliz.fr\/?s={search_term_string}"},"query-input":{"@type":"PropertyValueSpecification","valueRequired":true,"valueName":"search_term_string"}}],"inLanguage":"en-GB"},{"@type":"Organization","@id":"http:\/\/charliz.fr\/#organization","name":"Charliz","url":"http:\/\/charliz.fr\/","logo":{"@type":"ImageObject","inLanguage":"en-GB","@id":"http:\/\/charliz.fr\/#\/schema\/logo\/image\/","url":"https:\/\/charliz.fr\/wp-content\/uploads\/2023\/04\/logo-3.png","contentUrl":"https:\/\/charliz.fr\/wp-content\/uploads\/2023\/04\/logo-3.png","width":457,"height":91,"caption":"Charliz"},"image":{"@id":"http:\/\/charliz.fr\/#\/schema\/logo\/image\/"}}]}},"_links":{"self":[{"href":"https:\/\/charliz.fr\/en\/wp-json\/wp\/v2\/pages\/2818","targetHints":{"allow":["GET"]}}],"collection":[{"href":"https:\/\/charliz.fr\/en\/wp-json\/wp\/v2\/pages"}],"about":[{"href":"https:\/\/charliz.fr\/en\/wp-json\/wp\/v2\/types\/page"}],"author":[{"embeddable":true,"href":"https:\/\/charliz.fr\/en\/wp-json\/wp\/v2\/users\/2"}],"replies":[{"embeddable":true,"href":"https:\/\/charliz.fr\/en\/wp-json\/wp\/v2\/comments?post=2818"}],"version-history":[{"count":1,"href":"https:\/\/charliz.fr\/en\/wp-json\/wp\/v2\/pages\/2818\/revisions"}],"predecessor-version":[{"id":2819,"href":"https:\/\/charliz.fr\/en\/wp-json\/wp\/v2\/pages\/2818\/revisions\/2819"}],"wp:attachment":[{"href":"https:\/\/charliz.fr\/en\/wp-json\/wp\/v2\/media?parent=2818"}],"curies":[{"name":"wp","href":"https:\/\/api.w.org\/{rel}","templated":true}]}}